{"id":3,"date":"2022-09-05T10:18:17","date_gmt":"2022-09-05T10:18:17","guid":{"rendered":"https:\/\/www.elegant-moser.217-160-246-42.plesk.page\/?page_id=3"},"modified":"2022-09-08T14:20:22","modified_gmt":"2022-09-08T14:20:22","slug":"mentions-legales","status":"publish","type":"page","link":"https:\/\/www.competent-visvesvaraya.195-20-241-151.plesk.page\/index.php\/mentions-legales\/","title":{"rendered":"Mentions l\u00e9gales"},"content":{"rendered":"\n<p class=\"has-text-align-left\"><strong><mark style=\"background-color:#000000;color:#ff00cc\" class=\"has-inline-color\">Mentions l\u00e9gales<\/mark><\/strong><\/p>\n\n\n\n<p class=\"has-text-align-left\">Bienvenue sur le site accessible \u00e0 l\u2019adresse https:\/\/www.bymym.fans\/ (ci-apr\u00e8s le \u00ab Site \u00bb).<br><strong>1\/ Directeur de publication<\/strong><br>Le directeur de publication du site est la compagnie ByMym.Fans<br>Adresse \u00e9lectronique : contact@bymym.fans<br><strong>2\/ H\u00e9bergement<\/strong><br>Le Site est h\u00e9berg\u00e9 par :<br>&#8211; Soci\u00e9t\u00e9 :1&amp;1 IONOS (IONOS by 1&amp;1)<br>&#8211; Si\u00e8ge : 2 Logan Square 100 N 18th St., Suite 400 Philadelphia, PA 19103<br>&#8211; T\u00e9l\u00e9phone \/ Mail : 1-484-254-5555 info@ionos.com<\/p>\n\n\n\n<p class=\"has-text-align-left\"><strong>3\/ Conditions d\u2019utilisation des Sites<\/strong><br>Propri\u00e9t\u00e9 intellectuelle<br>L\u2019Editeur est titulaire de droits de propri\u00e9t\u00e9 intellectuelle sur l\u2019ensemble des contenus de son site internet. Cela signifie que les utilisateurs du site ne peuvent t\u00e9l\u00e9charger ou copier-coller les contenus prot\u00e9g\u00e9s par des droits de propri\u00e9t\u00e9 intellectuelle, \u00e0 moins que cela ne soit express\u00e9ment autoris\u00e9 par la loi ou sur autorisation pr\u00e9alable du directeur de publication. En effet, le contenu du Site est la propri\u00e9t\u00e9 exclusive du directeur de publication, sous r\u00e9serve des \u00e9ventuels droits de ses partenaires ou cocontractants, et est prot\u00e9g\u00e9 par les lois relatives \u00e0 la propri\u00e9t\u00e9 intellectuelle. Toute reproduction totale ou partielle est formellement interdite sous peine de poursuites. A ce titre, les \u00e9l\u00e9ments du site, pris dans leur ensemble ou individuellement, ne peuvent faire l\u2019objet d\u2019aucune utilisation, transformation, traduction, adaptation, reproduction, exploitation non express\u00e9ment autoris\u00e9e par le directeur de publication. Toute violation pourra \u00eatre sanctionn\u00e9e au titre de la contrefa\u00e7on dans les conditions du code de la propri\u00e9t\u00e9 intellectuelle. Il en est de m\u00eame, s\u2019il y a lieu, des bases de donn\u00e9es figurant sur le site, qui sont prot\u00e9g\u00e9es en tant que telles par la loi au titre du droit sui generis des producteurs de bases de donn\u00e9es. Liens hypertextes Le Site est susceptible de diriger l\u2019utilisateur via des liens hypertextes vers d\u2019autres sites internet du m\u00eame directeur de publication ou de tiers.Il appartient \u00e0 l\u2019utilisateur de consulter les mentions l\u00e9gales de ces sites et de respecter leurs \u00e9ventuelles conditions d\u2019utilisation. Le directeur de publication ne pourra en aucun cas \u00eatre tenu pour responsable des informations diffus\u00e9es sur les sites avec lesquels des liens hypertextes auront \u00e9t\u00e9 install\u00e9s ainsi que de tous pr\u00e9judices de quelque nature que ce soit r\u00e9sultant notamment de leur acc\u00e8s. Si une personne dirige ses utilisateurs vers le pr\u00e9sent site internet, le directeur de publication se r\u00e9serve la possibilit\u00e9 de demander la suppression du lien hypertexte pointant vers ce site s\u2019il estime que ce lien n\u2019est pas conforme \u00e0 ses droits et int\u00e9r\u00eats l\u00e9gitimes. Vous pouvez consulter notre politique de confidentialit\u00e9 et nos conditions g\u00e9n\u00e9rales de vente pour de plus amples informations.<\/p>\n\n\n\n<p><\/p>\n\n\n\n<p><\/p>\n","protected":false},"excerpt":{"rendered":"<p>Mentions l\u00e9gales Bienvenue sur le site accessible \u00e0 l\u2019adresse https:\/\/www.bymym.fans\/ (ci-apr\u00e8s le \u00ab Site \u00bb).1\/ Directeur de publicationLe directeur de publication du site est la compagnie ByMym.FansAdresse \u00e9lectronique : contact@bymym.fans2\/ H\u00e9bergementLe Site est h\u00e9berg\u00e9 par :&#8211; Soci\u00e9t\u00e9 :1&amp;1 IONOS (IONOS by 1&amp;1)&#8211; Si\u00e8ge : 2 Logan Square 100 N 18th St., Suite 400 Philadelphia, PA [&hellip;]<\/p>\n","protected":false},"author":1,"featured_media":0,"parent":0,"menu_order":0,"comment_status":"closed","ping_status":"open","template":"","meta":{"footnotes":""},"class_list":["post-3","page","type-page","status-publish","hentry"],"_links":{"self":[{"href":"https:\/\/www.competent-visvesvaraya.195-20-241-151.plesk.page\/index.php\/wp-json\/wp\/v2\/pages\/3","targetHints":{"allow":["GET"]}}],"collection":[{"href":"https:\/\/www.competent-visvesvaraya.195-20-241-151.plesk.page\/index.php\/wp-json\/wp\/v2\/pages"}],"about":[{"href":"https:\/\/www.competent-visvesvaraya.195-20-241-151.plesk.page\/index.php\/wp-json\/wp\/v2\/types\/page"}],"author":[{"embeddable":true,"href":"https:\/\/www.competent-visvesvaraya.195-20-241-151.plesk.page\/index.php\/wp-json\/wp\/v2\/users\/1"}],"replies":[{"embeddable":true,"href":"https:\/\/www.competent-visvesvaraya.195-20-241-151.plesk.page\/index.php\/wp-json\/wp\/v2\/comments?post=3"}],"version-history":[{"count":6,"href":"https:\/\/www.competent-visvesvaraya.195-20-241-151.plesk.page\/index.php\/wp-json\/wp\/v2\/pages\/3\/revisions"}],"predecessor-version":[{"id":2101,"href":"https:\/\/www.competent-visvesvaraya.195-20-241-151.plesk.page\/index.php\/wp-json\/wp\/v2\/pages\/3\/revisions\/2101"}],"wp:attachment":[{"href":"https:\/\/www.competent-visvesvaraya.195-20-241-151.plesk.page\/index.php\/wp-json\/wp\/v2\/media?parent=3"}],"curies":[{"name":"wp","href":"https:\/\/api.w.org\/{rel}","templated":true}]}}